{"id":25467,"date":"2026-02-25T00:23:09","date_gmt":"2026-02-24T23:23:09","guid":{"rendered":"https:\/\/konkret.store\/?post_type=product&#038;p=25467"},"modified":"2026-03-22T10:34:41","modified_gmt":"2026-03-22T09:34:41","slug":"stolik-kawowy-beta-lity-dab","status":"publish","type":"product","link":"https:\/\/konkret.store\/pl\/produkt\/stolik-kawowy-beta-lity-dab\/","title":{"rendered":"Stolik kawowy\u00a0BETA z szuflad\u0105 &#8211; lity d\u0105b"},"content":{"rendered":"<section class=\"image-text\">\n  <div class=\"container\">\n    <div class=\"row align-items-center\">\n      <div class=\"col-lg-6  image-text--left\">\n        <div class=\"image-text__image\">\n          <img loading=\"lazy\" decoding=\"async\" width=\"1024\" height=\"1536\" src=\"https:\/\/konkret.store\/app\/uploads\/2026\/02\/ec10dc52-c147-4931-abda-9cc8b7c410a8-ezgif.com-gif-maker.webp\" class=\"attachment-full size-full\" alt=\"\" srcset=\"https:\/\/konkret.store\/app\/uploads\/2026\/02\/ec10dc52-c147-4931-abda-9cc8b7c410a8-ezgif.com-gif-maker.webp 1024w, https:\/\/konkret.store\/app\/uploads\/2026\/02\/ec10dc52-c147-4931-abda-9cc8b7c410a8-ezgif.com-gif-maker-200x300.webp 200w, https:\/\/konkret.store\/app\/uploads\/2026\/02\/ec10dc52-c147-4931-abda-9cc8b7c410a8-ezgif.com-gif-maker-683x1024.webp 683w, https:\/\/konkret.store\/app\/uploads\/2026\/02\/ec10dc52-c147-4931-abda-9cc8b7c410a8-ezgif.com-gif-maker-768x1152.webp 768w, https:\/\/konkret.store\/app\/uploads\/2026\/02\/ec10dc52-c147-4931-abda-9cc8b7c410a8-ezgif.com-gif-maker-610x915.webp 610w\" sizes=\"auto, (max-width: 1024px) 100vw, 1024px\" \/>        <\/div>\n      <\/div>\n      <div class=\"col-lg-5  offset-lg-1 \">\n                <h2>Troszczymy si\u0119 o detale !<\/h2>\n        <div class=\"image-text__text\">\n          <div class=\"image-text__text\" style=\"padding: 0px 0px 18px;\">\n<p data-start=\"39\" data-end=\"291\">Stolik kawowy wykonany jest z litego d\u0119bu, co zapewnia mu stabilno\u015b\u0107, trwa\u0142o\u015b\u0107 oraz \u0142atwo\u015b\u0107 w utrzymaniu. Naturalne drewno nadaje mu ponadczasowy i elegancki charakter.<\/p>\n<p data-start=\"39\" data-end=\"291\">Wsp\u00f3lnym mianownikiem kolekcji jest wysoka jako\u015b\u0107 wykonania oraz szerokie mo\u017cliwo\u015bci personalizacji \u2013 to mebel, kt\u00f3ry b\u0119dzie cieszy\u0142 przez lata.<\/p>\n<\/div>\n        <\/div>\n              <\/div>\n    <\/div>\n  <\/div>\n<\/section>\n","protected":false},"excerpt":{"rendered":"<p>Pi\u0119kny i elegancki stolik kawowy z bardzo praktyczn\u0105 szuflad\u0105, utrzymany w ponadczasowym designie i wykonany z wysokiej jako\u015bci materia\u0142\u00f3w.<\/p>\n<p>Doskonale sprawdzi si\u0119 w salonie w po\u0142\u0105czeniu z innymi meblami z serii Beta.<\/p>\n<p>Produkowana z drewna FSC\u00a0\u00a0<a href=\"https:\/\/pl.fsc.org\/pl-pl\/sprawdz-i-znajdz-certyfikat\"><img loading=\"lazy\" decoding=\"async\" class=\"alignnone wp-image-11268 lazyloaded\" src=\"https:\/\/konkret.store\/app\/uploads\/2023\/02\/Forest_Stewardship_Council_logo-251x300.png\" alt=\"\" width=\"32\" height=\"38\" data-src=\"https:\/\/konkret.store\/app\/uploads\/2023\/02\/Forest_Stewardship_Council_logo-251x300.png\" srcset=\"https:\/\/konkret.store\/app\/uploads\/2023\/02\/Forest_Stewardship_Council_logo-251x300.png 251w, https:\/\/konkret.store\/app\/uploads\/2023\/02\/Forest_Stewardship_Council_logo-855x1024.png 855w, https:\/\/konkret.store\/app\/uploads\/2023\/02\/Forest_Stewardship_Council_logo-768x920.png 768w, https:\/\/konkret.store\/app\/uploads\/2023\/02\/Forest_Stewardship_Council_logo-610x730.png 610w, https:\/\/konkret.store\/app\/uploads\/2023\/02\/Forest_Stewardship_Council_logo-64x77.png 64w, https:\/\/konkret.store\/app\/uploads\/2023\/02\/Forest_Stewardship_Council_logo.png 1200w\" sizes=\"auto, (max-width: 32px) 100vw, 32px\" \/><\/a><\/p>\n<hr \/>\n<p>Nie jeste\u015b pewien, kt\u00f3re wybarwienie wybra\u0107? Zam\u00f3w je <strong><a href=\"https:\/\/konkret.store\/pl\/produkt\/probki-drewna\/\">tutaj<\/a><\/strong>, aby otrzyma\u0107 pr\u00f3bki kolor\u00f3w.<\/p>\n","protected":false},"featured_media":25471,"comment_status":"closed","ping_status":"closed","template":"","meta":{"_acf_changed":true},"product_brand":[],"product_cat":[40],"product_tag":[],"class_list":{"0":"post-25467","1":"product","2":"type-product","3":"status-publish","4":"has-post-thumbnail","6":"product_cat-konkrety","8":"first","9":"onbackorder","10":"taxable","11":"shipping-taxable","12":"purchasable","13":"product-type-simple"},"exclude_global_add_ons":false,"addons":[{"name":"Wersja szuflady","type":"multiple_choice","position":0,"required":true,"title_format":"label","default":"","description_enable":false,"description":"","placeholder_enable":false,"placeholder":"","display":"images","restrictions_type":"any_text","adjust_price":false,"price":"","price_type":"flat_fee","restrictions":false,"min":"0","max":"0","options":[{"label":"front czysty","price":"","price_type":"quantity_based","image":25471,"visibility":true},{"label":"front z lamelami","price":"","price_type":"quantity_based","image":25472,"visibility":true}],"id":1772018138},{"name":"Wysoko\u015b\u0107","type":"multiple_choice","position":1,"required":true,"title_format":"label","default":"","description_enable":false,"description":"","placeholder_enable":false,"placeholder":"","display":"select","restrictions_type":"any_text","adjust_price":false,"price":"","price_type":"flat_fee","restrictions":false,"min":"0","max":"0","options":[{"label":"33cm - bez coko\u0142u","price":"","price_type":"quantity_based","image":0,"visibility":true},{"label":"40cm - z coko\u0142em","price":"400","price_type":"quantity_based","image":0,"visibility":true}],"id":1774175682},{"name":"Wybarwienie drewna","type":"multiple_choice","position":2,"required":true,"title_format":"label","default":"","description_enable":true,"description":"Ka\u017cdy kolor na meblu jest pokryty lakierem, co oznacza, \u017ce nie wymaga on \u017cadnej konserwacji. Lakier zapewnia solidn\u0105 ochron\u0119, minimalizuj\u0105c potrzeb\u0119 regularnej piel\u0119gnacji, dzi\u0119ki czemu szafka mo\u017ce zachowa\u0107 sw\u00f3j pi\u0119kny wygl\u0105d bez dodatkowego wysi\u0142ku.\r\nWykonany z litego d\u0119bu lub orzecha w\u0142oskiego.","placeholder_enable":false,"placeholder":"","display":"patterns","restrictions_type":"any_text","adjust_price":false,"price":"","price_type":"flat_fee","restrictions":false,"min":"0","max":"0","options":[{"label":"7589","price":"","price_type":"quantity_based","image":0,"visibility":true},{"label":"14159","price":"45","price_type":"percentage_based","image":0,"visibility":true}],"id":1754213386},{"name":"Kudde variant","type":"multiple_choice","position":0,"required":true,"title_format":"label","default":"","description_enable":false,"description":"","placeholder_enable":false,"placeholder":"","display":"select","restrictions_type":"any_text","adjust_price":false,"price":"","price_type":"flat_fee","restrictions":false,"min":"0","max":"0","options":[{"label":"Kuba","price":"","price_type":"quantity_based","image":0,"visibility":true},{"label":"Haiti","price":"","price_type":"quantity_based","image":0,"visibility":true},{"label":"Barbados","price":"","price_type":"quantity_based","image":0,"visibility":true},{"label":"Aruba","price":"","price_type":"quantity_based","image":0,"visibility":true}]}],"acf":[],"yoast_head":"<!-- This site is optimized with the Yoast SEO plugin v26.8 - https:\/\/yoast.com\/product\/yoast-seo-wordpress\/ -->\n<title>Stolik kawowy\u00a0BETA z szuflad\u0105 - lity d\u0105b - konkret.store<\/title>\n<meta name=\"description\" content=\"Pi\u0119kny i elegancki stolik kawowy z bardzo praktyczn\u0105 szuflad\u0105, utrzymany w ponadczasowym designie i wykonany z wysokiej jako\u015bci materia\u0142\u00f3w. Doskonale sprawdzi si\u0119 w salonie w po\u0142\u0105czeniu z innymi meblami z serii Beta.\" \/>\n<meta name=\"robots\" content=\"index, follow, max-snippet:-1, max-image-preview:large, max-video-preview:-1\" \/>\n<link rel=\"canonical\" href=\"https:\/\/konkret.store\/pl\/produkt\/stolik-kawowy-beta-lity-dab\/\" \/>\n<meta property=\"og:locale\" content=\"pl_PL\" \/>\n<meta property=\"og:type\" content=\"article\" \/>\n<meta property=\"og:title\" content=\"Stolik kawowy\u00a0BETA z szuflad\u0105 - lity d\u0105b - konkret.store\" \/>\n<meta property=\"og:description\" content=\"Pi\u0119kny i elegancki stolik kawowy z bardzo praktyczn\u0105 szuflad\u0105, utrzymany w ponadczasowym designie i wykonany z wysokiej jako\u015bci materia\u0142\u00f3w. Doskonale sprawdzi si\u0119 w salonie w po\u0142\u0105czeniu z innymi meblami z serii Beta.\" \/>\n<meta property=\"og:url\" content=\"https:\/\/konkret.store\/pl\/produkt\/stolik-kawowy-beta-lity-dab\/\" \/>\n<meta property=\"og:site_name\" content=\"konkret.store\" \/>\n<meta property=\"article:publisher\" content=\"https:\/\/facebook.com\/konkret.store\/\" \/>\n<meta property=\"article:modified_time\" content=\"2026-03-22T09:34:41+00:00\" \/>\n<meta property=\"og:image\" content=\"https:\/\/konkret.store\/app\/uploads\/2026\/02\/beta-czysta.png\" \/>\n\t<meta property=\"og:image:width\" content=\"1200\" \/>\n\t<meta property=\"og:image:height\" content=\"1200\" \/>\n\t<meta property=\"og:image:type\" content=\"image\/png\" \/>\n<meta name=\"twitter:card\" content=\"summary_large_image\" \/>\n<meta name=\"twitter:label1\" content=\"Szacowany czas czytania\" \/>\n\t<meta name=\"twitter:data1\" content=\"1 minuta\" \/>\n<script type=\"application\/ld+json\" class=\"yoast-schema-graph\">{\"@context\":\"https:\/\/schema.org\",\"@graph\":[{\"@type\":\"WebPage\",\"@id\":\"https:\/\/konkret.store\/pl\/produkt\/stolik-kawowy-beta-lity-dab\/\",\"url\":\"https:\/\/konkret.store\/pl\/produkt\/stolik-kawowy-beta-lity-dab\/\",\"name\":\"Stolik kawowy\u00a0BETA z szuflad\u0105 - lity d\u0105b - konkret.store\",\"isPartOf\":{\"@id\":\"https:\/\/konkret.store\/pl\/#website\"},\"primaryImageOfPage\":{\"@id\":\"https:\/\/konkret.store\/pl\/produkt\/stolik-kawowy-beta-lity-dab\/#primaryimage\"},\"image\":{\"@id\":\"https:\/\/konkret.store\/pl\/produkt\/stolik-kawowy-beta-lity-dab\/#primaryimage\"},\"thumbnailUrl\":\"https:\/\/konkret.store\/app\/uploads\/2026\/02\/beta-czysta.png\",\"datePublished\":\"2026-02-24T23:23:09+00:00\",\"dateModified\":\"2026-03-22T09:34:41+00:00\",\"description\":\"Pi\u0119kny i elegancki stolik kawowy z bardzo praktyczn\u0105 szuflad\u0105, utrzymany w ponadczasowym designie i wykonany z wysokiej jako\u015bci materia\u0142\u00f3w. Doskonale sprawdzi si\u0119 w salonie w po\u0142\u0105czeniu z innymi meblami z serii Beta.\",\"breadcrumb\":{\"@id\":\"https:\/\/konkret.store\/pl\/produkt\/stolik-kawowy-beta-lity-dab\/#breadcrumb\"},\"inLanguage\":\"pl-PL\",\"potentialAction\":[{\"@type\":\"ReadAction\",\"target\":[\"https:\/\/konkret.store\/pl\/produkt\/stolik-kawowy-beta-lity-dab\/\"]}]},{\"@type\":\"ImageObject\",\"inLanguage\":\"pl-PL\",\"@id\":\"https:\/\/konkret.store\/pl\/produkt\/stolik-kawowy-beta-lity-dab\/#primaryimage\",\"url\":\"https:\/\/konkret.store\/app\/uploads\/2026\/02\/beta-czysta.png\",\"contentUrl\":\"https:\/\/konkret.store\/app\/uploads\/2026\/02\/beta-czysta.png\",\"width\":1200,\"height\":1200},{\"@type\":\"BreadcrumbList\",\"@id\":\"https:\/\/konkret.store\/pl\/produkt\/stolik-kawowy-beta-lity-dab\/#breadcrumb\",\"itemListElement\":[{\"@type\":\"ListItem\",\"position\":1,\"name\":\"Strona g\u0142\u00f3wna\",\"item\":\"https:\/\/konkret.store\/pl\/\"},{\"@type\":\"ListItem\",\"position\":2,\"name\":\"Shop\",\"item\":\"https:\/\/konkret.store\/shop\/\"},{\"@type\":\"ListItem\",\"position\":3,\"name\":\"Stolik kawowy\u00a0BETA z szuflad\u0105 &#8211; lity d\u0105b\"}]},{\"@type\":\"WebSite\",\"@id\":\"https:\/\/konkret.store\/pl\/#website\",\"url\":\"https:\/\/konkret.store\/pl\/\",\"name\":\"konkret.store\",\"description\":\"Tylko konkrety\",\"potentialAction\":[{\"@type\":\"SearchAction\",\"target\":{\"@type\":\"EntryPoint\",\"urlTemplate\":\"https:\/\/konkret.store\/pl\/?s={search_term_string}\"},\"query-input\":{\"@type\":\"PropertyValueSpecification\",\"valueRequired\":true,\"valueName\":\"search_term_string\"}}],\"inLanguage\":\"pl-PL\"}]}<\/script>\n<!-- \/ Yoast SEO plugin. -->","yoast_head_json":{"title":"Stolik kawowy\u00a0BETA z szuflad\u0105 - lity d\u0105b - konkret.store","description":"Pi\u0119kny i elegancki stolik kawowy z bardzo praktyczn\u0105 szuflad\u0105, utrzymany w ponadczasowym designie i wykonany z wysokiej jako\u015bci materia\u0142\u00f3w. Doskonale sprawdzi si\u0119 w salonie w po\u0142\u0105czeniu z innymi meblami z serii Beta.","robots":{"index":"index","follow":"follow","max-snippet":"max-snippet:-1","max-image-preview":"max-image-preview:large","max-video-preview":"max-video-preview:-1"},"canonical":"https:\/\/konkret.store\/pl\/produkt\/stolik-kawowy-beta-lity-dab\/","og_locale":"pl_PL","og_type":"article","og_title":"Stolik kawowy\u00a0BETA z szuflad\u0105 - lity d\u0105b - konkret.store","og_description":"Pi\u0119kny i elegancki stolik kawowy z bardzo praktyczn\u0105 szuflad\u0105, utrzymany w ponadczasowym designie i wykonany z wysokiej jako\u015bci materia\u0142\u00f3w. Doskonale sprawdzi si\u0119 w salonie w po\u0142\u0105czeniu z innymi meblami z serii Beta.","og_url":"https:\/\/konkret.store\/pl\/produkt\/stolik-kawowy-beta-lity-dab\/","og_site_name":"konkret.store","article_publisher":"https:\/\/facebook.com\/konkret.store\/","article_modified_time":"2026-03-22T09:34:41+00:00","og_image":[{"width":1200,"height":1200,"url":"https:\/\/konkret.store\/app\/uploads\/2026\/02\/beta-czysta.png","type":"image\/png"}],"twitter_card":"summary_large_image","twitter_misc":{"Szacowany czas czytania":"1 minuta"},"schema":{"@context":"https:\/\/schema.org","@graph":[{"@type":"WebPage","@id":"https:\/\/konkret.store\/pl\/produkt\/stolik-kawowy-beta-lity-dab\/","url":"https:\/\/konkret.store\/pl\/produkt\/stolik-kawowy-beta-lity-dab\/","name":"Stolik kawowy\u00a0BETA z szuflad\u0105 - lity d\u0105b - konkret.store","isPartOf":{"@id":"https:\/\/konkret.store\/pl\/#website"},"primaryImageOfPage":{"@id":"https:\/\/konkret.store\/pl\/produkt\/stolik-kawowy-beta-lity-dab\/#primaryimage"},"image":{"@id":"https:\/\/konkret.store\/pl\/produkt\/stolik-kawowy-beta-lity-dab\/#primaryimage"},"thumbnailUrl":"https:\/\/konkret.store\/app\/uploads\/2026\/02\/beta-czysta.png","datePublished":"2026-02-24T23:23:09+00:00","dateModified":"2026-03-22T09:34:41+00:00","description":"Pi\u0119kny i elegancki stolik kawowy z bardzo praktyczn\u0105 szuflad\u0105, utrzymany w ponadczasowym designie i wykonany z wysokiej jako\u015bci materia\u0142\u00f3w. Doskonale sprawdzi si\u0119 w salonie w po\u0142\u0105czeniu z innymi meblami z serii Beta.","breadcrumb":{"@id":"https:\/\/konkret.store\/pl\/produkt\/stolik-kawowy-beta-lity-dab\/#breadcrumb"},"inLanguage":"pl-PL","potentialAction":[{"@type":"ReadAction","target":["https:\/\/konkret.store\/pl\/produkt\/stolik-kawowy-beta-lity-dab\/"]}]},{"@type":"ImageObject","inLanguage":"pl-PL","@id":"https:\/\/konkret.store\/pl\/produkt\/stolik-kawowy-beta-lity-dab\/#primaryimage","url":"https:\/\/konkret.store\/app\/uploads\/2026\/02\/beta-czysta.png","contentUrl":"https:\/\/konkret.store\/app\/uploads\/2026\/02\/beta-czysta.png","width":1200,"height":1200},{"@type":"BreadcrumbList","@id":"https:\/\/konkret.store\/pl\/produkt\/stolik-kawowy-beta-lity-dab\/#breadcrumb","itemListElement":[{"@type":"ListItem","position":1,"name":"Strona g\u0142\u00f3wna","item":"https:\/\/konkret.store\/pl\/"},{"@type":"ListItem","position":2,"name":"Shop","item":"https:\/\/konkret.store\/shop\/"},{"@type":"ListItem","position":3,"name":"Stolik kawowy\u00a0BETA z szuflad\u0105 &#8211; lity d\u0105b"}]},{"@type":"WebSite","@id":"https:\/\/konkret.store\/pl\/#website","url":"https:\/\/konkret.store\/pl\/","name":"konkret.store","description":"Tylko konkrety","potentialAction":[{"@type":"SearchAction","target":{"@type":"EntryPoint","urlTemplate":"https:\/\/konkret.store\/pl\/?s={search_term_string}"},"query-input":{"@type":"PropertyValueSpecification","valueRequired":true,"valueName":"search_term_string"}}],"inLanguage":"pl-PL"}]}},"_links":{"self":[{"href":"https:\/\/konkret.store\/pl\/wp-json\/wp\/v2\/product\/25467","targetHints":{"allow":["GET"]}}],"collection":[{"href":"https:\/\/konkret.store\/pl\/wp-json\/wp\/v2\/product"}],"about":[{"href":"https:\/\/konkret.store\/pl\/wp-json\/wp\/v2\/types\/product"}],"replies":[{"embeddable":true,"href":"https:\/\/konkret.store\/pl\/wp-json\/wp\/v2\/comments?post=25467"}],"wp:featuredmedia":[{"embeddable":true,"href":"https:\/\/konkret.store\/pl\/wp-json\/wp\/v2\/media\/25471"}],"wp:attachment":[{"href":"https:\/\/konkret.store\/pl\/wp-json\/wp\/v2\/media?parent=25467"}],"wp:term":[{"taxonomy":"product_brand","embeddable":true,"href":"https:\/\/konkret.store\/pl\/wp-json\/wp\/v2\/product_brand?post=25467"},{"taxonomy":"product_cat","embeddable":true,"href":"https:\/\/konkret.store\/pl\/wp-json\/wp\/v2\/product_cat?post=25467"},{"taxonomy":"product_tag","embeddable":true,"href":"https:\/\/konkret.store\/pl\/wp-json\/wp\/v2\/product_tag?post=25467"}],"curies":[{"name":"wp","href":"https:\/\/api.w.org\/{rel}","templated":true}]}}