{"id":25697,"date":"2026-05-06T21:12:46","date_gmt":"2026-05-06T20:12:46","guid":{"rendered":"https:\/\/konkret.store\/?post_type=product&#038;p=25697"},"modified":"2026-05-06T21:27:47","modified_gmt":"2026-05-06T20:27:47","slug":"stol-okragly-ida-lity-dab","status":"publish","type":"product","link":"https:\/\/konkret.store\/pl\/produkt\/stol-okragly-ida-lity-dab\/","title":{"rendered":"St\u00f3\u0142 okr\u0105g\u0142y IDA &#8211; lity d\u0105b"},"content":{"rendered":"<section class=\"image-text\">\n  <div class=\"container\">\n    <div class=\"row align-items-center\">\n      <div class=\"col-lg-6  offset-lg-1  image-text--right\">\n        <div class=\"image-text__image\">\n          <img loading=\"lazy\" decoding=\"async\" width=\"1280\" height=\"853\" src=\"https:\/\/konkret.store\/app\/uploads\/2026\/05\/Stol_Ida_Owal.jpeg\" class=\"attachment-full size-full\" alt=\"\" srcset=\"https:\/\/konkret.store\/app\/uploads\/2026\/05\/Stol_Ida_Owal.jpeg 1280w, https:\/\/konkret.store\/app\/uploads\/2026\/05\/Stol_Ida_Owal-300x200.jpeg 300w, https:\/\/konkret.store\/app\/uploads\/2026\/05\/Stol_Ida_Owal-1024x682.jpeg 1024w, https:\/\/konkret.store\/app\/uploads\/2026\/05\/Stol_Ida_Owal-768x512.jpeg 768w, https:\/\/konkret.store\/app\/uploads\/2026\/05\/Stol_Ida_Owal-610x407.jpeg 610w, https:\/\/konkret.store\/app\/uploads\/2026\/05\/Stol_Ida_Owal-64x43.jpeg 64w\" sizes=\"auto, (max-width: 1280px) 100vw, 1280px\" \/>        <\/div>\n      <\/div>\n      <div class=\"col-lg-5 \">\n                <h2><\/h2>\n        <div class=\"image-text__text\">\n          <p>IDA doskonale odnajdzie si\u0119 zar\u00f3wno w eleganckiej jadalni, nowoczesnym salonie, jak i w przestrzeniach biurowych czy kameralnych salach konferencyjnych.<\/p>\n<p>To st\u00f3\u0142 dla os\u00f3b, kt\u00f3re ceni\u0105 wyrafinowane wzornictwo, wysok\u0105 jako\u015b\u0107 wykonania i ponadczasow\u0105 estetyk\u0119 naturalnych materia\u0142\u00f3w.<\/p>\n        <\/div>\n              <\/div>\n    <\/div>\n  <\/div>\n<\/section>\n","protected":false},"excerpt":{"rendered":"<p>IDA \u2014 st\u00f3\u0142, kt\u00f3ry zachwyca form\u0105 i nadaje wn\u0119trzu wyj\u0105tkowy charakter. To po\u0142\u0105czenie funkcjonalno\u015bci, elegancji i ponadczasowego designu, stworzone z my\u015bl\u0105 o przestrzeniach, w kt\u00f3rych liczy si\u0119 zar\u00f3wno estetyka, jak i komfort codziennego u\u017cytkowania.<\/p>\n<p>Centralna, ob\u0142a podstawa p\u0142ynnie przechodzi w efektownie wystaj\u0105cy blat, tworz\u0105c harmonijn\u0105 bry\u0142\u0119 o mi\u0119kkich, subtelnych liniach. IDA zmienia sw\u00f3j wygl\u0105d w zale\u017cno\u015bci od k\u0105ta patrzenia \u2014 raz minimalistyczna i spokojna, innym razem wyrazista i niemal rze\u017abiarska. Dzi\u0119ki temu st\u00f3\u0142 staje si\u0119 nie tylko meblem, ale tak\u017ce centralnym punktem aran\u017cacji.<\/p>\n<p>Produkowana z drewna FSC\u00a0\u00a0<a href=\"https:\/\/pl.fsc.org\/pl-pl\/sprawdz-i-znajdz-certyfikat\"><img loading=\"lazy\" decoding=\"async\" class=\"alignnone wp-image-11268 lazyloaded\" src=\"https:\/\/konkret.store\/app\/uploads\/2023\/02\/Forest_Stewardship_Council_logo-251x300.png\" alt=\"\" width=\"32\" height=\"38\" data-src=\"https:\/\/konkret.store\/app\/uploads\/2023\/02\/Forest_Stewardship_Council_logo-251x300.png\" srcset=\"https:\/\/konkret.store\/app\/uploads\/2023\/02\/Forest_Stewardship_Council_logo-251x300.png 251w, https:\/\/konkret.store\/app\/uploads\/2023\/02\/Forest_Stewardship_Council_logo-855x1024.png 855w, https:\/\/konkret.store\/app\/uploads\/2023\/02\/Forest_Stewardship_Council_logo-768x920.png 768w, https:\/\/konkret.store\/app\/uploads\/2023\/02\/Forest_Stewardship_Council_logo-610x730.png 610w, https:\/\/konkret.store\/app\/uploads\/2023\/02\/Forest_Stewardship_Council_logo-64x77.png 64w, https:\/\/konkret.store\/app\/uploads\/2023\/02\/Forest_Stewardship_Council_logo.png 1200w\" sizes=\"auto, (max-width: 32px) 100vw, 32px\" \/><\/a><\/p>\n<hr \/>\n<p>Nie jeste\u015b pewien, kt\u00f3re wybarwienie wybra\u0107? Zam\u00f3w je <strong><a href=\"https:\/\/konkret.store\/pl\/produkt\/probki-drewna\/\">tutaj<\/a><\/strong>, aby otrzyma\u0107 pr\u00f3bki kolor\u00f3w.<\/p>\n","protected":false},"featured_media":25702,"template":"","meta":{"_acf_changed":true},"product_brand":[],"product_cat":[40],"product_tag":[],"class_list":{"0":"post-25697","1":"product","2":"type-product","3":"status-publish","4":"has-post-thumbnail","6":"product_cat-konkrety","8":"first","9":"onbackorder","10":"taxable","11":"shipping-taxable","12":"purchasable","13":"product-type-simple"},"exclude_global_add_ons":false,"addons":[{"name":"Wybarwienie drewna","type":"multiple_choice","position":0,"required":true,"title_format":"label","default":"","description_enable":true,"description":"Ka\u017cdy kolor na meblu jest pokryty lakierem, co oznacza, \u017ce nie wymaga on \u017cadnej konserwacji. Lakier zapewnia solidn\u0105 ochron\u0119, minimalizuj\u0105c potrzeb\u0119 regularnej piel\u0119gnacji, dzi\u0119ki czemu szafka mo\u017ce zachowa\u0107 sw\u00f3j pi\u0119kny wygl\u0105d bez dodatkowego wysi\u0142ku.\r\nWykonany z litego d\u0119bu lub orzecha w\u0142oskiego.","placeholder_enable":false,"placeholder":"","display":"patterns","restrictions_type":"any_text","adjust_price":false,"price":"","price_type":"flat_fee","restrictions":false,"min":"0","max":"0","options":[{"label":"7589","price":"","price_type":"quantity_based","image":0,"visibility":true},{"label":"14159","price":"80","price_type":"percentage_based","image":0,"visibility":true}],"id":1778102868},{"name":"\u015arednica","type":"multiple_choice","position":1,"required":true,"title_format":"label","default":"","description_enable":false,"description":"","placeholder_enable":false,"placeholder":"","display":"select","restrictions_type":"any_text","adjust_price":false,"price":"","price_type":"flat_fee","restrictions":false,"min":"0","max":"0","options":[{"label":"\u00d8110cm","price":"","price_type":"quantity_based","image":0,"visibility":true},{"label":"\u00d8120cm","price":"400","price_type":"quantity_based","image":0,"visibility":true},{"label":"\u00d8130cm","price":"600","price_type":"quantity_based","image":0,"visibility":true},{"label":"\u00d8140cm","price":"800","price_type":"quantity_based","image":0,"visibility":true}],"id":1778102869},{"name":"Kudde variant","type":"multiple_choice","position":0,"required":true,"title_format":"label","default":"","description_enable":false,"description":"","placeholder_enable":false,"placeholder":"","display":"select","restrictions_type":"any_text","adjust_price":false,"price":"","price_type":"flat_fee","restrictions":false,"min":"0","max":"0","options":[{"label":"Kuba","price":"","price_type":"quantity_based","image":0,"visibility":true},{"label":"Haiti","price":"","price_type":"quantity_based","image":0,"visibility":true},{"label":"Barbados","price":"","price_type":"quantity_based","image":0,"visibility":true},{"label":"Aruba","price":"","price_type":"quantity_based","image":0,"visibility":true}]}],"acf":[],"yoast_head":"<!-- This site is optimized with the Yoast SEO plugin v26.8 - https:\/\/yoast.com\/product\/yoast-seo-wordpress\/ -->\n<title>St\u00f3\u0142 okr\u0105g\u0142y IDA - lity d\u0105b - konkret.store<\/title>\n<meta name=\"description\" content=\"IDA \u2014 st\u00f3\u0142, kt\u00f3ry zachwyca form\u0105 i nadaje wn\u0119trzu wyj\u0105tkowy charakter. To po\u0142\u0105czenie funkcjonalno\u015bci, elegancji i ponadczasowego designu, stworzone z my\u015bl\u0105 o przestrzeniach, w kt\u00f3rych liczy si\u0119 zar\u00f3wno estetyka, jak i komfort codziennego u\u017cytkowania.Centralna, ob\u0142a podstawa p\u0142ynnie przechodzi w efektownie wystaj\u0105cy blat, tworz\u0105c harmonijn\u0105 bry\u0142\u0119 o mi\u0119kkich, subtelnych liniach. IDA zmienia sw\u00f3j wygl\u0105d w zale\u017cno\u015bci od k\u0105ta patrzenia \u2014 raz minimalistyczna i spokojna, innym razem wyrazista i niemal rze\u017abiarska. Dzi\u0119ki temu st\u00f3\u0142 staje si\u0119 nie tylko meblem, ale tak\u017ce centralnym punktem aran\u017cacji.\" \/>\n<meta name=\"robots\" content=\"index, follow, max-snippet:-1, max-image-preview:large, max-video-preview:-1\" \/>\n<link rel=\"canonical\" href=\"https:\/\/konkret.store\/pl\/produkt\/stol-okragly-ida-lity-dab\/\" \/>\n<meta property=\"og:locale\" content=\"pl_PL\" \/>\n<meta property=\"og:type\" content=\"article\" \/>\n<meta property=\"og:title\" content=\"St\u00f3\u0142 okr\u0105g\u0142y IDA - lity d\u0105b - konkret.store\" \/>\n<meta property=\"og:description\" content=\"IDA \u2014 st\u00f3\u0142, kt\u00f3ry zachwyca form\u0105 i nadaje wn\u0119trzu wyj\u0105tkowy charakter. To po\u0142\u0105czenie funkcjonalno\u015bci, elegancji i ponadczasowego designu, stworzone z my\u015bl\u0105 o przestrzeniach, w kt\u00f3rych liczy si\u0119 zar\u00f3wno estetyka, jak i komfort codziennego u\u017cytkowania.Centralna, ob\u0142a podstawa p\u0142ynnie przechodzi w efektownie wystaj\u0105cy blat, tworz\u0105c harmonijn\u0105 bry\u0142\u0119 o mi\u0119kkich, subtelnych liniach. IDA zmienia sw\u00f3j wygl\u0105d w zale\u017cno\u015bci od k\u0105ta patrzenia \u2014 raz minimalistyczna i spokojna, innym razem wyrazista i niemal rze\u017abiarska. Dzi\u0119ki temu st\u00f3\u0142 staje si\u0119 nie tylko meblem, ale tak\u017ce centralnym punktem aran\u017cacji.\" \/>\n<meta property=\"og:url\" content=\"https:\/\/konkret.store\/pl\/produkt\/stol-okragly-ida-lity-dab\/\" \/>\n<meta property=\"og:site_name\" content=\"konkret.store\" \/>\n<meta property=\"article:publisher\" content=\"https:\/\/facebook.com\/konkret.store\/\" \/>\n<meta property=\"article:modified_time\" content=\"2026-05-06T20:27:47+00:00\" \/>\n<meta property=\"og:image\" content=\"https:\/\/konkret.store\/app\/uploads\/2026\/05\/ida.-okragly.png\" \/>\n\t<meta property=\"og:image:width\" content=\"1200\" \/>\n\t<meta property=\"og:image:height\" content=\"1200\" \/>\n\t<meta property=\"og:image:type\" content=\"image\/png\" \/>\n<meta name=\"twitter:card\" content=\"summary_large_image\" \/>\n<meta name=\"twitter:label1\" content=\"Szacowany czas czytania\" \/>\n\t<meta name=\"twitter:data1\" content=\"1 minuta\" \/>\n<script type=\"application\/ld+json\" class=\"yoast-schema-graph\">{\"@context\":\"https:\/\/schema.org\",\"@graph\":[{\"@type\":\"WebPage\",\"@id\":\"https:\/\/konkret.store\/pl\/produkt\/stol-okragly-ida-lity-dab\/\",\"url\":\"https:\/\/konkret.store\/pl\/produkt\/stol-okragly-ida-lity-dab\/\",\"name\":\"St\u00f3\u0142 okr\u0105g\u0142y IDA - lity d\u0105b - konkret.store\",\"isPartOf\":{\"@id\":\"https:\/\/konkret.store\/pl\/#website\"},\"primaryImageOfPage\":{\"@id\":\"https:\/\/konkret.store\/pl\/produkt\/stol-okragly-ida-lity-dab\/#primaryimage\"},\"image\":{\"@id\":\"https:\/\/konkret.store\/pl\/produkt\/stol-okragly-ida-lity-dab\/#primaryimage\"},\"thumbnailUrl\":\"https:\/\/konkret.store\/app\/uploads\/2026\/05\/ida.-okragly.png\",\"datePublished\":\"2026-05-06T20:12:46+00:00\",\"dateModified\":\"2026-05-06T20:27:47+00:00\",\"description\":\"IDA \u2014 st\u00f3\u0142, kt\u00f3ry zachwyca form\u0105 i nadaje wn\u0119trzu wyj\u0105tkowy charakter. To po\u0142\u0105czenie funkcjonalno\u015bci, elegancji i ponadczasowego designu, stworzone z my\u015bl\u0105 o przestrzeniach, w kt\u00f3rych liczy si\u0119 zar\u00f3wno estetyka, jak i komfort codziennego u\u017cytkowania.Centralna, ob\u0142a podstawa p\u0142ynnie przechodzi w efektownie wystaj\u0105cy blat, tworz\u0105c harmonijn\u0105 bry\u0142\u0119 o mi\u0119kkich, subtelnych liniach. IDA zmienia sw\u00f3j wygl\u0105d w zale\u017cno\u015bci od k\u0105ta patrzenia \u2014 raz minimalistyczna i spokojna, innym razem wyrazista i niemal rze\u017abiarska. Dzi\u0119ki temu st\u00f3\u0142 staje si\u0119 nie tylko meblem, ale tak\u017ce centralnym punktem aran\u017cacji.\",\"breadcrumb\":{\"@id\":\"https:\/\/konkret.store\/pl\/produkt\/stol-okragly-ida-lity-dab\/#breadcrumb\"},\"inLanguage\":\"pl-PL\",\"potentialAction\":[{\"@type\":\"ReadAction\",\"target\":[\"https:\/\/konkret.store\/pl\/produkt\/stol-okragly-ida-lity-dab\/\"]}]},{\"@type\":\"ImageObject\",\"inLanguage\":\"pl-PL\",\"@id\":\"https:\/\/konkret.store\/pl\/produkt\/stol-okragly-ida-lity-dab\/#primaryimage\",\"url\":\"https:\/\/konkret.store\/app\/uploads\/2026\/05\/ida.-okragly.png\",\"contentUrl\":\"https:\/\/konkret.store\/app\/uploads\/2026\/05\/ida.-okragly.png\",\"width\":1200,\"height\":1200},{\"@type\":\"BreadcrumbList\",\"@id\":\"https:\/\/konkret.store\/pl\/produkt\/stol-okragly-ida-lity-dab\/#breadcrumb\",\"itemListElement\":[{\"@type\":\"ListItem\",\"position\":1,\"name\":\"Strona g\u0142\u00f3wna\",\"item\":\"https:\/\/konkret.store\/pl\/\"},{\"@type\":\"ListItem\",\"position\":2,\"name\":\"Shop\",\"item\":\"https:\/\/konkret.store\/shop\/\"},{\"@type\":\"ListItem\",\"position\":3,\"name\":\"St\u00f3\u0142 okr\u0105g\u0142y IDA &#8211; lity d\u0105b\"}]},{\"@type\":\"WebSite\",\"@id\":\"https:\/\/konkret.store\/pl\/#website\",\"url\":\"https:\/\/konkret.store\/pl\/\",\"name\":\"konkret.store\",\"description\":\"Tylko konkrety\",\"potentialAction\":[{\"@type\":\"SearchAction\",\"target\":{\"@type\":\"EntryPoint\",\"urlTemplate\":\"https:\/\/konkret.store\/pl\/?s={search_term_string}\"},\"query-input\":{\"@type\":\"PropertyValueSpecification\",\"valueRequired\":true,\"valueName\":\"search_term_string\"}}],\"inLanguage\":\"pl-PL\"}]}<\/script>\n<!-- \/ Yoast SEO plugin. -->","yoast_head_json":{"title":"St\u00f3\u0142 okr\u0105g\u0142y IDA - lity d\u0105b - konkret.store","description":"IDA \u2014 st\u00f3\u0142, kt\u00f3ry zachwyca form\u0105 i nadaje wn\u0119trzu wyj\u0105tkowy charakter. To po\u0142\u0105czenie funkcjonalno\u015bci, elegancji i ponadczasowego designu, stworzone z my\u015bl\u0105 o przestrzeniach, w kt\u00f3rych liczy si\u0119 zar\u00f3wno estetyka, jak i komfort codziennego u\u017cytkowania.Centralna, ob\u0142a podstawa p\u0142ynnie przechodzi w efektownie wystaj\u0105cy blat, tworz\u0105c harmonijn\u0105 bry\u0142\u0119 o mi\u0119kkich, subtelnych liniach. IDA zmienia sw\u00f3j wygl\u0105d w zale\u017cno\u015bci od k\u0105ta patrzenia \u2014 raz minimalistyczna i spokojna, innym razem wyrazista i niemal rze\u017abiarska. Dzi\u0119ki temu st\u00f3\u0142 staje si\u0119 nie tylko meblem, ale tak\u017ce centralnym punktem aran\u017cacji.","robots":{"index":"index","follow":"follow","max-snippet":"max-snippet:-1","max-image-preview":"max-image-preview:large","max-video-preview":"max-video-preview:-1"},"canonical":"https:\/\/konkret.store\/pl\/produkt\/stol-okragly-ida-lity-dab\/","og_locale":"pl_PL","og_type":"article","og_title":"St\u00f3\u0142 okr\u0105g\u0142y IDA - lity d\u0105b - konkret.store","og_description":"IDA \u2014 st\u00f3\u0142, kt\u00f3ry zachwyca form\u0105 i nadaje wn\u0119trzu wyj\u0105tkowy charakter. To po\u0142\u0105czenie funkcjonalno\u015bci, elegancji i ponadczasowego designu, stworzone z my\u015bl\u0105 o przestrzeniach, w kt\u00f3rych liczy si\u0119 zar\u00f3wno estetyka, jak i komfort codziennego u\u017cytkowania.Centralna, ob\u0142a podstawa p\u0142ynnie przechodzi w efektownie wystaj\u0105cy blat, tworz\u0105c harmonijn\u0105 bry\u0142\u0119 o mi\u0119kkich, subtelnych liniach. IDA zmienia sw\u00f3j wygl\u0105d w zale\u017cno\u015bci od k\u0105ta patrzenia \u2014 raz minimalistyczna i spokojna, innym razem wyrazista i niemal rze\u017abiarska. Dzi\u0119ki temu st\u00f3\u0142 staje si\u0119 nie tylko meblem, ale tak\u017ce centralnym punktem aran\u017cacji.","og_url":"https:\/\/konkret.store\/pl\/produkt\/stol-okragly-ida-lity-dab\/","og_site_name":"konkret.store","article_publisher":"https:\/\/facebook.com\/konkret.store\/","article_modified_time":"2026-05-06T20:27:47+00:00","og_image":[{"width":1200,"height":1200,"url":"https:\/\/konkret.store\/app\/uploads\/2026\/05\/ida.-okragly.png","type":"image\/png"}],"twitter_card":"summary_large_image","twitter_misc":{"Szacowany czas czytania":"1 minuta"},"schema":{"@context":"https:\/\/schema.org","@graph":[{"@type":"WebPage","@id":"https:\/\/konkret.store\/pl\/produkt\/stol-okragly-ida-lity-dab\/","url":"https:\/\/konkret.store\/pl\/produkt\/stol-okragly-ida-lity-dab\/","name":"St\u00f3\u0142 okr\u0105g\u0142y IDA - lity d\u0105b - konkret.store","isPartOf":{"@id":"https:\/\/konkret.store\/pl\/#website"},"primaryImageOfPage":{"@id":"https:\/\/konkret.store\/pl\/produkt\/stol-okragly-ida-lity-dab\/#primaryimage"},"image":{"@id":"https:\/\/konkret.store\/pl\/produkt\/stol-okragly-ida-lity-dab\/#primaryimage"},"thumbnailUrl":"https:\/\/konkret.store\/app\/uploads\/2026\/05\/ida.-okragly.png","datePublished":"2026-05-06T20:12:46+00:00","dateModified":"2026-05-06T20:27:47+00:00","description":"IDA \u2014 st\u00f3\u0142, kt\u00f3ry zachwyca form\u0105 i nadaje wn\u0119trzu wyj\u0105tkowy charakter. To po\u0142\u0105czenie funkcjonalno\u015bci, elegancji i ponadczasowego designu, stworzone z my\u015bl\u0105 o przestrzeniach, w kt\u00f3rych liczy si\u0119 zar\u00f3wno estetyka, jak i komfort codziennego u\u017cytkowania.Centralna, ob\u0142a podstawa p\u0142ynnie przechodzi w efektownie wystaj\u0105cy blat, tworz\u0105c harmonijn\u0105 bry\u0142\u0119 o mi\u0119kkich, subtelnych liniach. IDA zmienia sw\u00f3j wygl\u0105d w zale\u017cno\u015bci od k\u0105ta patrzenia \u2014 raz minimalistyczna i spokojna, innym razem wyrazista i niemal rze\u017abiarska. Dzi\u0119ki temu st\u00f3\u0142 staje si\u0119 nie tylko meblem, ale tak\u017ce centralnym punktem aran\u017cacji.","breadcrumb":{"@id":"https:\/\/konkret.store\/pl\/produkt\/stol-okragly-ida-lity-dab\/#breadcrumb"},"inLanguage":"pl-PL","potentialAction":[{"@type":"ReadAction","target":["https:\/\/konkret.store\/pl\/produkt\/stol-okragly-ida-lity-dab\/"]}]},{"@type":"ImageObject","inLanguage":"pl-PL","@id":"https:\/\/konkret.store\/pl\/produkt\/stol-okragly-ida-lity-dab\/#primaryimage","url":"https:\/\/konkret.store\/app\/uploads\/2026\/05\/ida.-okragly.png","contentUrl":"https:\/\/konkret.store\/app\/uploads\/2026\/05\/ida.-okragly.png","width":1200,"height":1200},{"@type":"BreadcrumbList","@id":"https:\/\/konkret.store\/pl\/produkt\/stol-okragly-ida-lity-dab\/#breadcrumb","itemListElement":[{"@type":"ListItem","position":1,"name":"Strona g\u0142\u00f3wna","item":"https:\/\/konkret.store\/pl\/"},{"@type":"ListItem","position":2,"name":"Shop","item":"https:\/\/konkret.store\/shop\/"},{"@type":"ListItem","position":3,"name":"St\u00f3\u0142 okr\u0105g\u0142y IDA &#8211; lity d\u0105b"}]},{"@type":"WebSite","@id":"https:\/\/konkret.store\/pl\/#website","url":"https:\/\/konkret.store\/pl\/","name":"konkret.store","description":"Tylko konkrety","potentialAction":[{"@type":"SearchAction","target":{"@type":"EntryPoint","urlTemplate":"https:\/\/konkret.store\/pl\/?s={search_term_string}"},"query-input":{"@type":"PropertyValueSpecification","valueRequired":true,"valueName":"search_term_string"}}],"inLanguage":"pl-PL"}]}},"_links":{"self":[{"href":"https:\/\/konkret.store\/pl\/wp-json\/wp\/v2\/product\/25697","targetHints":{"allow":["GET"]}}],"collection":[{"href":"https:\/\/konkret.store\/pl\/wp-json\/wp\/v2\/product"}],"about":[{"href":"https:\/\/konkret.store\/pl\/wp-json\/wp\/v2\/types\/product"}],"wp:featuredmedia":[{"embeddable":true,"href":"https:\/\/konkret.store\/pl\/wp-json\/wp\/v2\/media\/25702"}],"wp:attachment":[{"href":"https:\/\/konkret.store\/pl\/wp-json\/wp\/v2\/media?parent=25697"}],"wp:term":[{"taxonomy":"product_brand","embeddable":true,"href":"https:\/\/konkret.store\/pl\/wp-json\/wp\/v2\/product_brand?post=25697"},{"taxonomy":"product_cat","embeddable":true,"href":"https:\/\/konkret.store\/pl\/wp-json\/wp\/v2\/product_cat?post=25697"},{"taxonomy":"product_tag","embeddable":true,"href":"https:\/\/konkret.store\/pl\/wp-json\/wp\/v2\/product_tag?post=25697"}],"curies":[{"name":"wp","href":"https:\/\/api.w.org\/{rel}","templated":true}]}}